{"id":11309,"date":"2020-11-18T19:44:08","date_gmt":"2020-11-18T19:44:08","guid":{"rendered":"http:\/\/systways.academy\/trainings-2"},"modified":"2023-03-06T22:28:30","modified_gmt":"2023-03-06T22:28:30","slug":"trainings-2","status":"publish","type":"page","link":"http:\/\/systways.academy\/es","title":{"rendered":"Cursos"},"content":{"rendered":"\t\t<div data-elementor-type=\"wp-page\" data-elementor-id=\"11309\" class=\"elementor elementor-11309 elementor-1426\">\n\t\t\t\t\t\t<section class=\"elementor-section elementor-top-section elementor-element elementor-element-a9973a5 qodef-elementor-content-grid elementor-section-height-min-height elementor-section-boxed elementor-section-height-default elementor-section-items-middle\" data-id=\"a9973a5\" data-element_type=\"section\" data-e-type=\"section\" data-settings=\"{&quot;background_background&quot;:&quot;classic&quot;}\">\n\t\t\t\t\t\t<div class=\"elementor-container elementor-column-gap-default\">\n\t\t\t\t\t<div class=\"elementor-column elementor-col-100 elementor-top-column elementor-element elementor-element-940fdc2\" data-id=\"940fdc2\" data-element_type=\"column\" data-e-type=\"column\" data-settings=\"{&quot;background_background&quot;:&quot;slideshow&quot;,&quot;background_slideshow_gallery&quot;:[],&quot;background_slideshow_loop&quot;:&quot;yes&quot;,&quot;background_slideshow_slide_duration&quot;:5000,&quot;background_slideshow_slide_transition&quot;:&quot;fade&quot;,&quot;background_slideshow_transition_duration&quot;:500}\">\n\t\t\t<div class=\"elementor-widget-wrap elementor-element-populated\">\n\t\t\t\t\t\t<div class=\"elementor-element elementor-element-40a5a19 elementor-widget elementor-widget-heading\" data-id=\"40a5a19\" data-element_type=\"widget\" data-e-type=\"widget\" data-widget_type=\"heading.default\">\n\t\t\t\t<div class=\"elementor-widget-container\">\n\t\t\t\t\t<h1 class=\"elementor-heading-title elementor-size-default\">Bienvenido a Systways Academy<\/h1>\t\t\t\t<\/div>\n\t\t\t\t<\/div>\n\t\t\t\t<div class=\"elementor-element elementor-element-64ad6e3 elementor-widget elementor-widget-heading\" data-id=\"64ad6e3\" data-element_type=\"widget\" data-e-type=\"widget\" data-widget_type=\"heading.default\">\n\t\t\t\t<div class=\"elementor-widget-container\">\n\t\t\t\t\t<h6 class=\"elementor-heading-title elementor-size-default\">Explore nuestros cursos<\/h6>\t\t\t\t<\/div>\n\t\t\t\t<\/div>\n\t\t\t\t<div class=\"elementor-element elementor-element-c2db516 elementor-absolute elementor-widget elementor-widget-emeritus_core_course_search\" data-id=\"c2db516\" data-element_type=\"widget\" data-e-type=\"widget\" data-settings=\"{&quot;_position&quot;:&quot;absolute&quot;}\" data-widget_type=\"emeritus_core_course_search.default\">\n\t\t\t\t<div class=\"elementor-widget-container\">\n\t\t\t\t\t<div class=\"qodef-shortcode qodef-m  qodef-course-search\">\n\t<div class=\"qodef-course-search-inner\">\n\t\t<form role=\"search\" method=\"get\" class=\"qodef-course-search-form\" action=\"http:\/\/systways.academy\/es\">\n\t\t\t<input type=\"hidden\" name=\"s\" value=\"\"\/>\n\t\t\t<input type=\"hidden\" name=\"qodef-course-search\" value=\"yes\">\n\t\t\t<div class=\"qodef-e qodef-form-button\">\n\t<button type=\"submit\" class=\"qodef-shortcode qodef-m  qodef-button qodef-layout--filled  \"  >\t<span class=\"qodef-btn-text\">Search<\/span>    <span class=\"qodef-btn-icon\"><svg  xmlns=\"http:\/\/www.w3.org\/2000\/svg\" xmlns:xlink=\"http:\/\/www.w3.org\/1999\/xlink\" x=\"0px\" y=\"0px\" width=\"24.141px\" height=\"11px\" viewBox=\"0 0 24.141 11\" enable-background=\"new 0 0 24.141 11\" xml:space=\"preserve\"><line fill=\"none\" stroke=\"#FFFFFF\" stroke-miterlimit=\"10\" x1=\"0\" y1=\"5.5\" x2=\"23.373\" y2=\"5.5\"\/><polyline fill=\"none\" stroke=\"#FFFFFF\" stroke-miterlimit=\"10\" points=\"18.265,0.391 23.373,5.5 18.265,10.609 \"\/><\/svg><\/span><\/button><\/div>\n\t\t<\/form>\n\t<\/div>\n<\/div>\n\t\t\t\t<\/div>\n\t\t\t\t<\/div>\n\t\t\t\t\t<\/div>\n\t\t<\/div>\n\t\t\t\t\t<\/div>\n\t\t<\/section>\n\t\t\t\t<section class=\"elementor-section elementor-top-section elementor-element elementor-element-10d0ffe elementor-section-full_width elementor-section-stretched elementor-section-height-default elementor-section-height-default qodef-elementor-content-no\" data-id=\"10d0ffe\" data-element_type=\"section\" data-e-type=\"section\" data-settings=\"{&quot;stretch_section&quot;:&quot;section-stretched&quot;}\">\n\t\t\t\t\t\t<div class=\"elementor-container elementor-column-gap-default\">\n\t\t\t\t\t<div class=\"elementor-column elementor-col-100 elementor-top-column elementor-element elementor-element-280324b\" data-id=\"280324b\" data-element_type=\"column\" data-e-type=\"column\">\n\t\t\t<div class=\"elementor-widget-wrap\">\n\t\t\t\t\t\t\t<\/div>\n\t\t<\/div>\n\t\t\t\t\t<\/div>\n\t\t<\/section>\n\t\t\t\t<section class=\"elementor-section elementor-top-section elementor-element elementor-element-afcb52d elementor-section-full_width elementor-section-height-default elementor-section-height-default qodef-elementor-content-no\" data-id=\"afcb52d\" data-element_type=\"section\" data-e-type=\"section\" data-settings=\"{&quot;background_background&quot;:&quot;classic&quot;}\">\n\t\t\t\t\t\t<div class=\"elementor-container elementor-column-gap-default\">\n\t\t\t\t\t<div class=\"elementor-column elementor-col-50 elementor-top-column elementor-element elementor-element-dab821e\" data-id=\"dab821e\" data-element_type=\"column\" data-e-type=\"column\">\n\t\t\t<div class=\"elementor-widget-wrap elementor-element-populated\">\n\t\t\t\t\t\t<div class=\"elementor-element elementor-element-bf2ce6d elementor-widget elementor-widget-emeritus_core_banner\" data-id=\"bf2ce6d\" data-element_type=\"widget\" data-e-type=\"widget\" data-widget_type=\"emeritus_core_banner.default\">\n\t\t\t\t<div class=\"elementor-widget-container\">\n\t\t\t\t\t<div class=\"qodef-shortcode qodef-m  qodef-banner qodef-layout--link-button\">\n\t<div class=\"qodef-m-image\">\n\t<img fetchpriority=\"high\" decoding=\"async\" width=\"1362\" height=\"716\" src=\"http:\/\/systways.academy\/wp-content\/uploads\/2021\/06\/facilitators3.png\" class=\"attachment-full size-full\" alt=\"\" srcset=\"http:\/\/systways.academy\/wp-content\/uploads\/2021\/06\/facilitators3.png 1362w, http:\/\/systways.academy\/wp-content\/uploads\/2021\/06\/facilitators3-300x158.png 300w, http:\/\/systways.academy\/wp-content\/uploads\/2021\/06\/facilitators3-1024x538.png 1024w, http:\/\/systways.academy\/wp-content\/uploads\/2021\/06\/facilitators3-768x404.png 768w, http:\/\/systways.academy\/wp-content\/uploads\/2021\/06\/facilitators3-400x210.png 400w, http:\/\/systways.academy\/wp-content\/uploads\/2021\/06\/facilitators3-600x315.png 600w\" sizes=\"(max-width: 1362px) 100vw, 1362px\" \/><\/div>\n\t<div class=\"qodef-m-content\">\n\t\t<div class=\"qodef-m-content-inner\">\n\t\t\t\t\t\t\t\t\t\t\t\t\t<div class=\"qodef-m-button\">\n\t\t<a class=\"qodef-shortcode qodef-m  qodef-button qodef-layout--filled  qodef-html--link\" href=\"http:\/\/systways.academy\/our-teachers\" target=\"_self\"  style=\"background-color: #9C6937;font-weight: 700\">\t<span class=\"qodef-m-text\">Conozca a nuestras facilitadoras<\/span>    <span class=\"qodef-btn-icon\"><svg  xmlns=\"http:\/\/www.w3.org\/2000\/svg\" xmlns:xlink=\"http:\/\/www.w3.org\/1999\/xlink\" x=\"0px\" y=\"0px\" width=\"24.141px\" height=\"11px\" viewBox=\"0 0 24.141 11\" enable-background=\"new 0 0 24.141 11\" xml:space=\"preserve\"><line fill=\"none\" stroke=\"#FFFFFF\" stroke-miterlimit=\"10\" x1=\"0\" y1=\"5.5\" x2=\"23.373\" y2=\"5.5\"\/><polyline fill=\"none\" stroke=\"#FFFFFF\" stroke-miterlimit=\"10\" points=\"18.265,0.391 23.373,5.5 18.265,10.609 \"\/><\/svg><\/span><\/a>\t<\/div>\n\t\t<\/div>\n\t<\/div>\n<\/div>\n\t\t\t\t<\/div>\n\t\t\t\t<\/div>\n\t\t\t\t\t<\/div>\n\t\t<\/div>\n\t\t\t\t<div class=\"elementor-column elementor-col-50 elementor-top-column elementor-element elementor-element-8e03e1d\" data-id=\"8e03e1d\" data-element_type=\"column\" data-e-type=\"column\">\n\t\t\t<div class=\"elementor-widget-wrap elementor-element-populated\">\n\t\t\t\t\t\t<div class=\"elementor-element elementor-element-b7cebea elementor-widget elementor-widget-emeritus_core_banner\" data-id=\"b7cebea\" data-element_type=\"widget\" data-e-type=\"widget\" data-widget_type=\"emeritus_core_banner.default\">\n\t\t\t\t<div class=\"elementor-widget-container\">\n\t\t\t\t\t<div class=\"qodef-shortcode qodef-m  qodef-banner qodef-layout--link-button\">\n\t<div class=\"qodef-m-image\">\n\t<img decoding=\"async\" width=\"866\" height=\"455\" src=\"http:\/\/systways.academy\/wp-content\/uploads\/2021\/06\/Picture2.png\" class=\"attachment-full size-full\" alt=\"\" srcset=\"http:\/\/systways.academy\/wp-content\/uploads\/2021\/06\/Picture2.png 866w, http:\/\/systways.academy\/wp-content\/uploads\/2021\/06\/Picture2-300x158.png 300w, http:\/\/systways.academy\/wp-content\/uploads\/2021\/06\/Picture2-768x404.png 768w, http:\/\/systways.academy\/wp-content\/uploads\/2021\/06\/Picture2-400x210.png 400w, http:\/\/systways.academy\/wp-content\/uploads\/2021\/06\/Picture2-600x315.png 600w\" sizes=\"(max-width: 866px) 100vw, 866px\" \/><\/div>\n\t<div class=\"qodef-m-content\">\n\t\t<div class=\"qodef-m-content-inner\">\n\t\t\t\t<h6 class=\"qodef-m-subtitle\" >\n\t\t\u00bfTiene preguntas?\t<\/h6>\n\t\t\t\t<h2 class=\"qodef-m-title\" >\n\t\tCont\u00e1ctenos\t<\/h2>\n\t\t\t\t\t\t\t<div class=\"qodef-m-button\">\n\t\t<a class=\"qodef-shortcode qodef-m  qodef-button qodef-layout--textual  qodef-html--link\" href=\"http:\/\/systways.academy\/contact-us\" target=\"_self\"  >\t<span class=\"qodef-m-text\">Para saber m\u00e1s<\/span>    <span class=\"qodef-btn-icon\"><svg  xmlns=\"http:\/\/www.w3.org\/2000\/svg\" xmlns:xlink=\"http:\/\/www.w3.org\/1999\/xlink\" x=\"0px\" y=\"0px\" width=\"24.141px\" height=\"11px\" viewBox=\"0 0 24.141 11\" enable-background=\"new 0 0 24.141 11\" xml:space=\"preserve\"><line fill=\"none\" stroke=\"#FFFFFF\" stroke-miterlimit=\"10\" x1=\"0\" y1=\"5.5\" x2=\"23.373\" y2=\"5.5\"\/><polyline fill=\"none\" stroke=\"#FFFFFF\" stroke-miterlimit=\"10\" points=\"18.265,0.391 23.373,5.5 18.265,10.609 \"\/><\/svg><\/span><\/a>\t<\/div>\n\t\t<\/div>\n\t<\/div>\n<\/div>\n\t\t\t\t<\/div>\n\t\t\t\t<\/div>\n\t\t\t\t\t<\/div>\n\t\t<\/div>\n\t\t\t\t\t<\/div>\n\t\t<\/section>\n\t\t\t\t<section class=\"elementor-section elementor-top-section elementor-element elementor-element-64ed59d elementor-section-full_width elementor-section-height-default elementor-section-height-default qodef-elementor-content-no\" data-id=\"64ed59d\" data-element_type=\"section\" data-e-type=\"section\" data-settings=\"{&quot;background_background&quot;:&quot;classic&quot;}\">\n\t\t\t\t\t\t<div class=\"elementor-container elementor-column-gap-default\">\n\t\t\t\t\t<div class=\"elementor-column elementor-col-100 elementor-top-column elementor-element elementor-element-837649f\" data-id=\"837649f\" data-element_type=\"column\" data-e-type=\"column\">\n\t\t\t<div class=\"elementor-widget-wrap elementor-element-populated\">\n\t\t\t\t\t\t<div class=\"elementor-element elementor-element-3a917ab elementor-widget elementor-widget-wp-widget-emeritus_core_separator\" data-id=\"3a917ab\" data-element_type=\"widget\" data-e-type=\"widget\" data-widget_type=\"wp-widget-emeritus_core_separator.default\">\n\t\t\t\t<div class=\"elementor-widget-container\">\n\t\t\t\t\t<div class=\"qodef-shortcode qodef-m  qodef-separator clear \">\n\t<div class=\"qodef-m-line\" ><\/div>\n<\/div>\n\t\t\t\t<\/div>\n\t\t\t\t<\/div>\n\t\t\t\t\t<\/div>\n\t\t<\/div>\n\t\t\t\t\t<\/div>\n\t\t<\/section>\n\t\t\t\t<section class=\"elementor-section elementor-top-section elementor-element elementor-element-8ae08ef elementor-section-boxed elementor-section-height-default elementor-section-height-default qodef-elementor-content-no\" data-id=\"8ae08ef\" data-element_type=\"section\" data-e-type=\"section\">\n\t\t\t\t\t\t<div class=\"elementor-container elementor-column-gap-default\">\n\t\t\t\t\t<div class=\"elementor-column elementor-col-100 elementor-top-column elementor-element elementor-element-b164714\" data-id=\"b164714\" data-element_type=\"column\" data-e-type=\"column\">\n\t\t\t<div class=\"elementor-widget-wrap\">\n\t\t\t\t\t\t\t<\/div>\n\t\t<\/div>\n\t\t\t\t\t<\/div>\n\t\t<\/section>\n\t\t\t\t<\/div>\n\t\t","protected":false},"excerpt":{"rendered":"<p>Bienvenido a Systways Academy Explore nuestros cursos Search Free Organizarnos para transformar By systways in Conflict Transformation Cooperaci\u00f3n: RIDHEPer\u00edodo: Marzo a Junio 2023 See More Free Caminos hacia la Paz By systways in Conflict Transformation Cooperaci\u00f3n: RIDHEPer\u00edodo: Marzo a Junio 2023 See More Free Sustainable Development with focus on Climate Justice By systways in Sustainable [&hellip;]<\/p>\n","protected":false},"author":1,"featured_media":0,"parent":0,"menu_order":0,"comment_status":"closed","ping_status":"closed","template":"page-full-width.php","meta":{"_bbp_topic_count":0,"_bbp_reply_count":0,"_bbp_total_topic_count":0,"_bbp_total_reply_count":0,"_bbp_voice_count":0,"_bbp_anonymous_reply_count":0,"_bbp_topic_count_hidden":0,"_bbp_reply_count_hidden":0,"_bbp_forum_subforum_count":0,"footnotes":""},"class_list":["post-11309","page","type-page","status-publish","hentry"],"_links":{"self":[{"href":"http:\/\/systways.academy\/es\/wp-json\/wp\/v2\/pages\/11309","targetHints":{"allow":["GET"]}}],"collection":[{"href":"http:\/\/systways.academy\/es\/wp-json\/wp\/v2\/pages"}],"about":[{"href":"http:\/\/systways.academy\/es\/wp-json\/wp\/v2\/types\/page"}],"author":[{"embeddable":true,"href":"http:\/\/systways.academy\/es\/wp-json\/wp\/v2\/users\/1"}],"replies":[{"embeddable":true,"href":"http:\/\/systways.academy\/es\/wp-json\/wp\/v2\/comments?post=11309"}],"version-history":[{"count":17,"href":"http:\/\/systways.academy\/es\/wp-json\/wp\/v2\/pages\/11309\/revisions"}],"predecessor-version":[{"id":19402,"href":"http:\/\/systways.academy\/es\/wp-json\/wp\/v2\/pages\/11309\/revisions\/19402"}],"wp:attachment":[{"href":"http:\/\/systways.academy\/es\/wp-json\/wp\/v2\/media?parent=11309"}],"curies":[{"name":"wp","href":"https:\/\/api.w.org\/{rel}","templated":true}]}}